{"id":80,"date":"2020-11-22T03:05:36","date_gmt":"2020-11-22T02:05:36","guid":{"rendered":"http:\/\/posktxi.cluster030.hosting.ovh.net\/?page_id=80"},"modified":"2024-09-25T12:39:47","modified_gmt":"2024-09-25T10:39:47","slug":"extraits-musicaux","status":"publish","type":"page","link":"https:\/\/orchestredurhin.com\/index.php\/extraits-musicaux\/","title":{"rendered":"Extraits"},"content":{"rendered":"\n<h2 class=\"wp-block-heading\">Kyrie de la Missa Argentina de Luciano Bibiloni<\/h2>\n\n\n\n<h3 class=\"wp-block-heading\"><em>Spectacle participatif du 8 juin 2024<\/em><\/h3>\n\n\n\n<figure class=\"wp-block-embed is-type-video is-provider-youtube wp-block-embed-youtube wp-embed-aspect-16-9 wp-has-aspect-ratio\"><div class=\"wp-block-embed__wrapper\">\n<iframe loading=\"lazy\" title=\"Kyrie - Missa Argentina - Luciano Bibiloni\" width=\"640\" height=\"360\" src=\"https:\/\/www.youtube.com\/embed\/of703rzoXbc?feature=oembed\" frameborder=\"0\" allow=\"accelerometer; autoplay; clipboard-write; encrypted-media; gyroscope; picture-in-picture; web-share\" referrerpolicy=\"strict-origin-when-cross-origin\" allowfullscreen><\/iframe>\n<\/div><\/figure>\n\n\n\n<h2 class=\"wp-block-heading\">Les Archanges de Gerardo di Giusto et Luis Rigou<\/h2>\n\n\n\n<h3 class=\"wp-block-heading\"><em>Spectacle participatif du 18 juin 2021<\/em><\/h3>\n\n\n\n<figure class=\"wp-block-embed is-type-video is-provider-youtube wp-block-embed-youtube wp-embed-aspect-16-9 wp-has-aspect-ratio\"><div class=\"wp-block-embed__wrapper\">\n <iframe loading=\"lazy\" title=\"Les Archanges - de Gerardo di Giusto et Luis Rigou\" width=\"640\" height=\"360\" src=\"https:\/\/www.youtube.com\/embed\/Kc4Wq84oaUo?start=104&#038;feature=oembed\" frameborder=\"0\" allow=\"accelerometer; autoplay; clipboard-write; encrypted-media; gyroscope; picture-in-picture; web-share\" referrerpolicy=\"strict-origin-when-cross-origin\" allowfullscreen><\/iframe>\n<\/div><\/figure>\n\n\n\n<h2 class=\"wp-block-heading\">Le Colibri de Gerardo di Giusto et H\u00e9l\u00e8ne Hucher<\/h2>\n\n\n\n<h3 class=\"wp-block-heading\"><em>Spectacle participatif du 18 juin 2021<\/em><\/h3>\n\n\n\n<figure class=\"wp-block-embed is-type-video is-provider-youtube wp-block-embed-youtube wp-embed-aspect-16-9 wp-has-aspect-ratio\"><div class=\"wp-block-embed__wrapper\">\n<iframe loading=\"lazy\" title=\"Le Colibri - de Gerardo di Giusto et H\u00e9l\u00e8ne Hucher\" width=\"640\" height=\"360\" src=\"https:\/\/www.youtube.com\/embed\/d1JvC0tdNUw?start=1692&#038;feature=oembed\" frameborder=\"0\" allow=\"accelerometer; autoplay; clipboard-write; encrypted-media; gyroscope; picture-in-picture; web-share\" referrerpolicy=\"strict-origin-when-cross-origin\" allowfullscreen><\/iframe>\n<\/div><\/figure>\n\n\n\n<h2 class=\"wp-block-heading\"><strong>Choeurs de Cin\u00e9ma<\/strong><\/h2>\n\n\n\n<h3 class=\"wp-block-heading\"><em>Spectacle participatif du 22 juin 2019<\/em><\/h3>\n\n\n\n<p>Orchestre du Rhin \/ Solistes \/ Petits Chanteurs de Strasbourg<br><strong>Direction : Luciano Bibiloni<\/strong><br>Z\u00e9nith Europe de Strasbourg<\/p>\n\n\n\n<div style=\"height:25px\" aria-hidden=\"true\" class=\"wp-block-spacer\"><\/div>\n\n\n\n<figure class=\"wp-block-embed is-type-video is-provider-youtube wp-block-embed-youtube wp-embed-aspect-16-9 wp-has-aspect-ratio\"><div class=\"wp-block-embed__wrapper\">\n<iframe loading=\"lazy\" title=\"Symphonie N\u00ba 25 - Allegro con brio - W. A. Mozart (Orchestre du Rhin)\" width=\"640\" height=\"360\" src=\"https:\/\/www.youtube.com\/embed\/XjQiGqCLpRM?feature=oembed\" frameborder=\"0\" allow=\"accelerometer; autoplay; clipboard-write; encrypted-media; gyroscope; picture-in-picture; web-share\" referrerpolicy=\"strict-origin-when-cross-origin\" allowfullscreen><\/iframe>\n<\/div><figcaption class=\"wp-element-caption\">Allegro con brio &#8211; W.A. Mozart<\/figcaption><\/figure>\n\n\n\n<div style=\"height:50px\" aria-hidden=\"true\" class=\"wp-block-spacer\"><\/div>\n\n\n\n<h2 class=\"wp-block-heading\"><strong>Carmen de Bizet<\/strong><\/h2>\n\n\n\n<h3 class=\"wp-block-heading\"><em>Op\u00e9ra participatif du 9 juin 2018<\/em><\/h3>\n\n\n\n<p>Orchestre du Rhin \/ Solistes \/ Petits Chanteurs de Strasbourg<br><strong>Direction : Luciano Bibiloni<\/strong><br>Z\u00e9nith Europe de Strasbourg<\/p>\n\n\n\n<div style=\"height:25px\" aria-hidden=\"true\" class=\"wp-block-spacer\"><\/div>\n\n\n\n<figure class=\"wp-block-image size-large\"><img loading=\"lazy\" decoding=\"async\" width=\"1024\" height=\"446\" src=\"http:\/\/posktxi.cluster030.hosting.ovh.net\/wp-content\/uploads\/2020\/11\/Capture-decran-2020-11-21-a-23.47.34-1024x446.jpg\" alt=\"\" class=\"wp-image-35\" srcset=\"https:\/\/orchestredurhin.com\/wp-content\/uploads\/2020\/11\/Capture-decran-2020-11-21-a-23.47.34-1024x446.jpg 1024w, https:\/\/orchestredurhin.com\/wp-content\/uploads\/2020\/11\/Capture-decran-2020-11-21-a-23.47.34-300x131.jpg 300w, https:\/\/orchestredurhin.com\/wp-content\/uploads\/2020\/11\/Capture-decran-2020-11-21-a-23.47.34-768x335.jpg 768w, https:\/\/orchestredurhin.com\/wp-content\/uploads\/2020\/11\/Capture-decran-2020-11-21-a-23.47.34-700x305.jpg 700w, https:\/\/orchestredurhin.com\/wp-content\/uploads\/2020\/11\/Capture-decran-2020-11-21-a-23.47.34-520x227.jpg 520w, https:\/\/orchestredurhin.com\/wp-content\/uploads\/2020\/11\/Capture-decran-2020-11-21-a-23.47.34-360x157.jpg 360w, https:\/\/orchestredurhin.com\/wp-content\/uploads\/2020\/11\/Capture-decran-2020-11-21-a-23.47.34-250x109.jpg 250w, https:\/\/orchestredurhin.com\/wp-content\/uploads\/2020\/11\/Capture-decran-2020-11-21-a-23.47.34-100x44.jpg 100w, https:\/\/orchestredurhin.com\/wp-content\/uploads\/2020\/11\/Capture-decran-2020-11-21-a-23.47.34.jpg 1262w\" sizes=\"(max-width: 1024px) 100vw, 1024px\" \/><\/figure>\n\n\n\n<figure class=\"wp-block-audio\"><audio controls src=\"https:\/\/orchestredurhin.com\/wp-content\/uploads\/2020\/12\/Suite-Carmen-Bizet-juin-2018.mp3\"><\/audio><\/figure>\n\n\n\n<div style=\"height:50px\" aria-hidden=\"true\" class=\"wp-block-spacer\"><\/div>\n\n\n\n<h2 class=\"wp-block-heading\"><strong>Christmas truce de Jonathan Rathbone<\/strong><\/h2>\n\n\n\n<h3 class=\"wp-block-heading\"><em>Concert de No\u00ebl &#8211; d\u00e9cembre 2017<\/em><\/h3>\n\n\n\n<p>Orchestre du Rhin \/ Solistes \/ Petits Chanteurs de Strasbourg<br><strong>Direction : Luciano Bibiloni<\/strong><br>\u00c9glise Saint-Paul et Saint-Pierre de Scherwiller<\/p>\n\n\n\n<div style=\"height:25px\" aria-hidden=\"true\" class=\"wp-block-spacer\"><\/div>\n\n\n\n<figure class=\"wp-block-image size-large\"><img loading=\"lazy\" decoding=\"async\" width=\"1024\" height=\"365\" src=\"http:\/\/posktxi.cluster030.hosting.ovh.net\/wp-content\/uploads\/2020\/11\/Capture-decran-2020-11-22-a-00.34.00-1024x365.jpg\" alt=\"\" class=\"wp-image-40\" srcset=\"https:\/\/orchestredurhin.com\/wp-content\/uploads\/2020\/11\/Capture-decran-2020-11-22-a-00.34.00-1024x365.jpg 1024w, https:\/\/orchestredurhin.com\/wp-content\/uploads\/2020\/11\/Capture-decran-2020-11-22-a-00.34.00-300x107.jpg 300w, https:\/\/orchestredurhin.com\/wp-content\/uploads\/2020\/11\/Capture-decran-2020-11-22-a-00.34.00-768x274.jpg 768w, https:\/\/orchestredurhin.com\/wp-content\/uploads\/2020\/11\/Capture-decran-2020-11-22-a-00.34.00-700x250.jpg 700w, https:\/\/orchestredurhin.com\/wp-content\/uploads\/2020\/11\/Capture-decran-2020-11-22-a-00.34.00-520x185.jpg 520w, https:\/\/orchestredurhin.com\/wp-content\/uploads\/2020\/11\/Capture-decran-2020-11-22-a-00.34.00-360x128.jpg 360w, https:\/\/orchestredurhin.com\/wp-content\/uploads\/2020\/11\/Capture-decran-2020-11-22-a-00.34.00-250x89.jpg 250w, https:\/\/orchestredurhin.com\/wp-content\/uploads\/2020\/11\/Capture-decran-2020-11-22-a-00.34.00-100x36.jpg 100w, https:\/\/orchestredurhin.com\/wp-content\/uploads\/2020\/11\/Capture-decran-2020-11-22-a-00.34.00.jpg 1105w\" sizes=\"(max-width: 1024px) 100vw, 1024px\" \/><\/figure>\n\n\n\n<figure class=\"wp-block-audio\"><audio controls src=\"https:\/\/orchestredurhin.com\/wp-content\/uploads\/2020\/12\/Christmas-truce-Creation-francaise-Jonathan-Rathbone-decembre-2017.mp3\"><\/audio><\/figure>\n\n\n\n<div style=\"height:50px\" aria-hidden=\"true\" class=\"wp-block-spacer\"><\/div>\n\n\n\n<h2 class=\"wp-block-heading\"><strong>Le Messie de Haendel<\/strong><\/h2>\n\n\n\n<h3 class=\"wp-block-heading\"><em>Concert participatif du 28 janvier 2017<\/em><\/h3>\n\n\n\n<p>Orchestre du Rhin \/ Solistes \/ Petits Chanteurs de Strasbourg<br><strong>Direction : Luciano Bibiloni<\/strong><br>Palais de la Musique et des Congr\u00e8s de Strasbourg<\/p>\n\n\n\n<div style=\"height:20px\" aria-hidden=\"true\" class=\"wp-block-spacer\"><\/div>\n\n\n\n<figure class=\"wp-block-embed is-type-video is-provider-vimeo wp-block-embed-vimeo wp-embed-aspect-16-9 wp-has-aspect-ratio\"><div class=\"wp-block-embed__wrapper\">\n<iframe loading=\"lazy\" title=\"Extrait du concert du Messie, 28 janvier 2017\" src=\"https:\/\/player.vimeo.com\/video\/214797450?dnt=1&amp;app_id=122963\" width=\"640\" height=\"360\" frameborder=\"0\" allow=\"autoplay; fullscreen; picture-in-picture; clipboard-write\"><\/iframe>\n<\/div><\/figure>\n\n\n\n<div style=\"height:50px\" aria-hidden=\"true\" class=\"wp-block-spacer\"><\/div>\n\n\n\n<div style=\"height:50px\" aria-hidden=\"true\" class=\"wp-block-spacer\"><\/div>\n\n\n\n<div style=\"height:50px\" aria-hidden=\"true\" class=\"wp-block-spacer\"><\/div>\n","protected":false},"excerpt":{"rendered":"<p>Kyrie de la Missa Argentina de Luciano Bibiloni Spectacle participatif du 8 juin 2024 Les Archanges de Gerardo di Giusto et Luis Rigou Spectacle participatif du 18 juin 2021 Le Colibri de Gerardo di Giusto et H\u00e9l\u00e8ne Hucher Spectacle participatif du 18 juin 2021 Choeurs de Cin\u00e9ma Spectacle participatif du [&hellip;]<\/p>\n","protected":false},"author":1,"featured_media":0,"parent":0,"menu_order":0,"comment_status":"closed","ping_status":"closed","template":"","meta":{"footnotes":""},"class_list":["post-80","page","type-page","status-publish","hentry","clearfix"],"yoast_head":"<!-- This site is optimized with the Yoast SEO plugin v15.4 - https:\/\/yoast.com\/wordpress\/plugins\/seo\/ -->\n<title>Extraits - Orchestre du Rhin<\/title>\n<meta name=\"robots\" content=\"index, follow, max-snippet:-1, max-image-preview:large, max-video-preview:-1\" \/>\n<link rel=\"canonical\" href=\"https:\/\/orchestredurhin.com\/index.php\/extraits-musicaux\/\" \/>\n<meta property=\"og:locale\" content=\"fr_FR\" \/>\n<meta property=\"og:type\" content=\"article\" \/>\n<meta property=\"og:title\" content=\"Extraits - Orchestre du Rhin\" \/>\n<meta property=\"og:description\" content=\"Kyrie de la Missa Argentina de Luciano Bibiloni Spectacle participatif du 8 juin 2024 Les Archanges de Gerardo di Giusto et Luis Rigou Spectacle participatif du 18 juin 2021 Le Colibri de Gerardo di Giusto et H\u00e9l\u00e8ne Hucher Spectacle participatif du 18 juin 2021 Choeurs de Cin\u00e9ma Spectacle participatif du [&hellip;]\" \/>\n<meta property=\"og:url\" content=\"https:\/\/orchestredurhin.com\/index.php\/extraits-musicaux\/\" \/>\n<meta property=\"og:site_name\" content=\"Orchestre du Rhin\" \/>\n<meta property=\"article:publisher\" content=\"https:\/\/www.facebook.com\/orchestredurhin\" \/>\n<meta property=\"article:modified_time\" content=\"2024-09-25T10:39:47+00:00\" \/>\n<meta property=\"og:image\" content=\"http:\/\/posktxi.cluster030.hosting.ovh.net\/wp-content\/uploads\/2020\/11\/Capture-decran-2020-11-21-a-23.47.34-1024x446.jpg\" \/>\n<meta name=\"twitter:card\" content=\"summary_large_image\" \/>\n<meta name=\"twitter:label1\" content=\"\u00c9crit par\">\n\t<meta name=\"twitter:data1\" content=\"admin3716\">\n\t<meta name=\"twitter:label2\" content=\"Dur\u00e9e de lecture est.\">\n\t<meta name=\"twitter:data2\" content=\"1 minute\">\n<script type=\"application\/ld+json\" class=\"yoast-schema-graph\">{\"@context\":\"https:\/\/schema.org\",\"@graph\":[{\"@type\":\"Organization\",\"@id\":\"https:\/\/orchestredurhin.com\/#organization\",\"name\":\"Orchestre du Rhin\",\"url\":\"https:\/\/orchestredurhin.com\/\",\"sameAs\":[\"https:\/\/www.facebook.com\/orchestredurhin\",\"https:\/\/www.instagram.com\/orchestredurhin\/\",\"https:\/\/www.youtube.com\/channel\/UCC__T-GDcLKvyaLm1QprZKQ\"],\"logo\":{\"@type\":\"ImageObject\",\"@id\":\"https:\/\/orchestredurhin.com\/#logo\",\"inLanguage\":\"fr-FR\",\"url\":\"https:\/\/orchestredurhin.com\/wp-content\/uploads\/2020\/11\/Logo-OR-bleu-sans-fond-carre-e1606343385974.png\",\"width\":249,\"height\":320,\"caption\":\"Orchestre du Rhin\"},\"image\":{\"@id\":\"https:\/\/orchestredurhin.com\/#logo\"}},{\"@type\":\"WebSite\",\"@id\":\"https:\/\/orchestredurhin.com\/#website\",\"url\":\"https:\/\/orchestredurhin.com\/\",\"name\":\"Orchestre du Rhin\",\"description\":\"\",\"publisher\":{\"@id\":\"https:\/\/orchestredurhin.com\/#organization\"},\"potentialAction\":[{\"@type\":\"SearchAction\",\"target\":\"https:\/\/orchestredurhin.com\/?s={search_term_string}\",\"query-input\":\"required name=search_term_string\"}],\"inLanguage\":\"fr-FR\"},{\"@type\":\"ImageObject\",\"@id\":\"https:\/\/orchestredurhin.com\/index.php\/extraits-musicaux\/#primaryimage\",\"inLanguage\":\"fr-FR\",\"url\":\"http:\/\/posktxi.cluster030.hosting.ovh.net\/wp-content\/uploads\/2020\/11\/Capture-decran-2020-11-21-a-23.47.34-1024x446.jpg\"},{\"@type\":\"WebPage\",\"@id\":\"https:\/\/orchestredurhin.com\/index.php\/extraits-musicaux\/#webpage\",\"url\":\"https:\/\/orchestredurhin.com\/index.php\/extraits-musicaux\/\",\"name\":\"Extraits - Orchestre du Rhin\",\"isPartOf\":{\"@id\":\"https:\/\/orchestredurhin.com\/#website\"},\"primaryImageOfPage\":{\"@id\":\"https:\/\/orchestredurhin.com\/index.php\/extraits-musicaux\/#primaryimage\"},\"datePublished\":\"2020-11-22T02:05:36+00:00\",\"dateModified\":\"2024-09-25T10:39:47+00:00\",\"inLanguage\":\"fr-FR\",\"potentialAction\":[{\"@type\":\"ReadAction\",\"target\":[\"https:\/\/orchestredurhin.com\/index.php\/extraits-musicaux\/\"]}]}]}<\/script>\n<!-- \/ Yoast SEO plugin. -->","_links":{"self":[{"href":"https:\/\/orchestredurhin.com\/index.php\/wp-json\/wp\/v2\/pages\/80"}],"collection":[{"href":"https:\/\/orchestredurhin.com\/index.php\/wp-json\/wp\/v2\/pages"}],"about":[{"href":"https:\/\/orchestredurhin.com\/index.php\/wp-json\/wp\/v2\/types\/page"}],"author":[{"embeddable":true,"href":"https:\/\/orchestredurhin.com\/index.php\/wp-json\/wp\/v2\/users\/1"}],"replies":[{"embeddable":true,"href":"https:\/\/orchestredurhin.com\/index.php\/wp-json\/wp\/v2\/comments?post=80"}],"version-history":[{"count":36,"href":"https:\/\/orchestredurhin.com\/index.php\/wp-json\/wp\/v2\/pages\/80\/revisions"}],"predecessor-version":[{"id":751,"href":"https:\/\/orchestredurhin.com\/index.php\/wp-json\/wp\/v2\/pages\/80\/revisions\/751"}],"wp:attachment":[{"href":"https:\/\/orchestredurhin.com\/index.php\/wp-json\/wp\/v2\/media?parent=80"}],"curies":[{"name":"wp","href":"https:\/\/api.w.org\/{rel}","templated":true}]}}